{"id":4204,"date":"2020-10-08T13:47:25","date_gmt":"2020-10-08T11:47:25","guid":{"rendered":"https:\/\/www.atur-travel.si\/?page_id=4204"},"modified":"2025-10-17T14:46:26","modified_gmt":"2025-10-17T12:46:26","slug":"contact","status":"publish","type":"page","link":"https:\/\/www.atur-travel.si\/en\/contact\/","title":{"rendered":"Contact"},"content":{"rendered":"<div class=\"wpb-content-wrapper\"><p>[vc_row full_width=&#8221;stretch_row&#8221; equal_height=&#8221;yes&#8221; css_animation=&#8221;fadeIn&#8221; woodmart_bg_position=&#8221;right-top&#8221; css=&#8221;.vc_custom_1598461179342{margin-right: -40px !important;margin-left: -40px !important;background-position: center !important;background-repeat: no-repeat !important;background-size: contain !important;}&#8221; mobile_bg_img_hidden=&#8221;no&#8221; tablet_bg_img_hidden=&#8221;no&#8221; woodmart_parallax=&#8221;0&#8243; woodmart_gradient_switch=&#8221;no&#8221; row_reverse_mobile=&#8221;0&#8243; row_reverse_tablet=&#8221;0&#8243; woodmart_disable_overflow=&#8221;0&#8243;][vc_column offset=&#8221;vc_col-lg-6 vc_col-md-6&#8243; css=&#8221;.vc_custom_1496932335926{border-right-width: 1px !important;padding-top: 20px !important;padding-right: 40px !important;padding-bottom: 10px !important;padding-left: 40px !important;border-right-color: rgba(129,129,129,0.2) !important;border-right-style: solid !important;}&#8221;]\t\t\t<link rel=\"stylesheet\" id=\"wd-section-title-css\" href=\"https:\/\/www.atur-travel.si\/wp-content\/themes\/woodmart\/css\/parts\/el-section-title.min.css?ver=7.2.4\" type=\"text\/css\" media=\"all\" \/> \t\t\t\t\t\t<link rel=\"stylesheet\" id=\"wd-mod-highlighted-text-css\" href=\"https:\/\/www.atur-travel.si\/wp-content\/themes\/woodmart\/css\/parts\/mod-highlighted-text.min.css?ver=7.2.4\" type=\"text\/css\" media=\"all\" \/> \t\t\t\n\t\t<div id=\"wd-5f7efbe629c2a\" class=\"title-wrapper wd-wpb set-mb-s reset-last-child  wd-rs-5f7efbe629c2a wd-title-color-default wd-title-style-default text-left vc_custom_1602157549784 wd-underline-colored\">\n\t\t\t\n\t\t\t<div class=\"liner-continer\">\n\t\t\t\t<h2 class=\"woodmart-title-container title  wd-font-weight- wd-fontsize-l\" >SEND MESSAGE<\/h2>\n\t\t\t\t\t\t\t<\/div>\n\t\t\t\n\t\t\t\n\t\t\t\n\t\t<\/div>\n\t\t\n\t\t\n<div class=\"wpcf7 no-js\" id=\"wpcf7-f3730-o1\" lang=\"sl-SI\" dir=\"ltr\" data-wpcf7-id=\"3730\">\n<div class=\"screen-reader-response\"><p role=\"status\" aria-live=\"polite\" aria-atomic=\"true\"><\/p> <ul><\/ul><\/div>\n<form action=\"\/en\/wp-json\/wp\/v2\/pages\/4204#wpcf7-f3730-o1\" method=\"post\" class=\"wpcf7-form init\" aria-label=\"Contact form\" novalidate=\"novalidate\" data-status=\"init\">\n<fieldset class=\"hidden-fields-container\"><input type=\"hidden\" name=\"_wpcf7\" value=\"3730\" \/><input type=\"hidden\" name=\"_wpcf7_version\" value=\"6.1.3\" \/><input type=\"hidden\" name=\"_wpcf7_locale\" value=\"sl_SI\" \/><input type=\"hidden\" name=\"_wpcf7_unit_tag\" value=\"wpcf7-f3730-o1\" \/><input type=\"hidden\" name=\"_wpcf7_container_post\" value=\"0\" \/><input type=\"hidden\" name=\"_wpcf7_posted_data_hash\" value=\"\" \/><input type=\"hidden\" name=\"_wpcf7_recaptcha_response\" value=\"\" \/>\n<\/fieldset>\n<div class=\"row\">\n\t<div class=\"col-md-6\" style='margin-bottom:20px;'>\n\t\t<p><label>Name & Surname*<\/label><span class=\"wpcf7-form-control-wrap\" data-name=\"your-name\"><input size=\"40\" maxlength=\"400\" class=\"wpcf7-form-control wpcf7-text wpcf7-validates-as-required\" aria-required=\"true\" aria-invalid=\"false\" value=\"\" type=\"text\" name=\"your-name\" \/><\/span>\n\t\t<\/p>\n\t<\/div>\n\t<div class=\"col-md-6\" style='margin-bottom:20px;'>\n\t\t<p><label>Your e-mail*<\/label><span class=\"wpcf7-form-control-wrap\" data-name=\"your-email\"><input size=\"40\" maxlength=\"400\" class=\"wpcf7-form-control wpcf7-email wpcf7-validates-as-required wpcf7-text wpcf7-validates-as-email\" aria-required=\"true\" aria-invalid=\"false\" value=\"\" type=\"email\" name=\"your-email\" \/><\/span>\n\t\t<\/p>\n\t<\/div>\n<\/div>\n<div class=\"row\">\n\t<div class=\"col-md-6\" style='margin-bottom:20px;'>\n\t\t<p><label>Phone<\/label><span class=\"wpcf7-form-control-wrap\" data-name=\"tel-contact\"><input size=\"40\" maxlength=\"400\" class=\"wpcf7-form-control wpcf7-tel wpcf7-validates-as-required wpcf7-text wpcf7-validates-as-tel\" aria-required=\"true\" aria-invalid=\"false\" value=\"\" type=\"tel\" name=\"tel-contact\" \/><\/span>\n\t\t<\/p>\n\t<\/div>\n\t<div class=\"col-md-6\" style='margin-bottom:20px;'>\n\t\t<p><label>Company<\/label><span class=\"wpcf7-form-control-wrap\" data-name=\"company-name\"><input size=\"40\" maxlength=\"400\" class=\"wpcf7-form-control wpcf7-text\" aria-invalid=\"false\" value=\"\" type=\"text\" name=\"company-name\" \/><\/span>\n\t\t<\/p>\n\t<\/div>\n<\/div>\n<p><label>Message for Us*<\/label><span class=\"wpcf7-form-control-wrap\" data-name=\"your-message\"><textarea cols=\"40\" rows=\"10\" maxlength=\"2000\" class=\"wpcf7-form-control wpcf7-textarea wpcf7-validates-as-required\" aria-required=\"true\" aria-invalid=\"false\" name=\"your-message\"><\/textarea><\/span>\n<\/p>\n<div style='margin-bottom:20px;'>\n<\/div>\n<p><input class=\"wpcf7-form-control wpcf7-submit has-spinner btn-color-black\" type=\"submit\" value=\"SEND\" \/>\n<\/p><div class=\"wpcf7-response-output\" aria-hidden=\"true\"><\/div>\n<\/form>\n<\/div>\n[\/vc_column][vc_column offset=&#8221;vc_col-lg-6 vc_col-md-6&#8243; css=&#8221;.vc_custom_1496932331302{padding-top: 20px !important;padding-right: 40px !important;padding-bottom: 10px !important;padding-left: 40px !important;}&#8221;]\n\t\t<div id=\"wd-5f7efbf6d9383\" class=\"title-wrapper wd-wpb set-mb-s reset-last-child  wd-rs-5f7efbf6d9383 wd-title-color-default wd-title-style-default text-left vc_custom_1602157566308 wd-underline-colored\">\n\t\t\t\n\t\t\t<div class=\"liner-continer\">\n\t\t\t\t<h2 class=\"woodmart-title-container title  wd-font-weight- wd-fontsize-l\" >CONTACT US<\/h2>\n\t\t\t\t\t\t\t<\/div>\n\t\t\t\n\t\t\t\n\t\t\t\n\t\t<\/div>\n\t\t\n\t\t\t\t\t<link rel=\"stylesheet\" id=\"wd-info-box-css\" href=\"https:\/\/www.atur-travel.si\/wp-content\/themes\/woodmart\/css\/parts\/el-info-box.min.css?ver=7.2.4\" type=\"text\/css\" media=\"all\" \/> \t\t\t\t\t\t<div class=\"info-box-wrapper\">\n\t\t\t\t<div id=\"wd-6385e31cce54e\" class=\" wd-rs-6385e31cce54e wd-info-box wd-wpb text-left box-icon-align-left box-style- color-scheme- wd-bg-none wd-items-top vc_custom_1669718817000\"  >\n\t\t\t\t\t\t\t\t\t\t<div class=\"info-box-content\">\n\t\t\t\t\t\t\t\t\t\t\t\t<div class=\"info-box-inner set-cont-mb-s reset-last-child\">\n\t\t\t\t\t\t\t<\/p>\n<div style=\"line-height: 2;\"><i class=\"fa fa-location-arrow\" style=\"width: 15px; text-align: center; margin-right: 4px;\"><\/i><a href=\"tel:+38631611793\" target=\"_blank\" rel=\"noopener noreferrer\">+386 31 611 793<\/a><br \/>\n<i class=\"fa fa-envelope\" style=\"width: 15px; text-align: center; margin-right: 4px;\"><\/i> <a href=\"mailto:info@atur-travel.si\" target=\"_blank\" rel=\"noopener noreferrer\">info@atur-travel.si<\/a><\/div>\n<p>\n\t\t\t\t\t\t<\/div>\n\n\t\t\t\t\t\t\t\t\t\t\t<\/div>\n\n\t\t\t\t\t\t\t\t\t<\/div>\n\t\t\t<\/div>\n\t\t\n\t\t<div id=\"wd-5f7efc10cc7d7\" class=\"title-wrapper wd-wpb set-mb-s reset-last-child  wd-rs-5f7efc10cc7d7 wd-title-color-default wd-title-style-default text-left vc_custom_1602157593583 wd-underline-colored\">\n\t\t\t\n\t\t\t<div class=\"liner-continer\">\n\t\t\t\t<h2 class=\"woodmart-title-container title  wd-font-weight- wd-fontsize-l\" >FOLLOW US<\/h2>\n\t\t\t\t\t\t\t<\/div>\n\t\t\t\n\t\t\t\n\t\t\t\n\t\t<\/div>\n\t\t\n\t\t[vc_raw_html]JTNDYSUyMGhyZWYlM0QlMjJodHRwcyUzQSUyRiUyRnd3dy5mYWNlYm9vay5jb20lMkZBVFVSLVRyYXZlbC0xMTk4NDU0OTg2NzMzODglMjIlMjB0YXJnZXQlM0QlMjJfYmxhbmslMjIlM0UlM0NpJTIwY2xhc3MlM0QlMjJmYSUyMGZhLWZhY2Vib29rLWYlMjIlMjBzdHlsZSUzRCUyMndpZHRoJTNBMzBweCUzQiUyMGZvbnQtc2l6ZSUzQTMwcHglM0IlMjBtYXJnaW4tcmlnaHQlM0ElMjAxMHB4JTNCJTIyJTNFJTNDJTJGaSUzRSUzQyUyRmElM0UlM0NhJTIwaHJlZiUzRCUyMmh0dHBzJTNBJTJGJTJGd3d3Lmluc3RhZ3JhbS5jb20lMkZhdHVydHJhdmVsc2xvJTJGJTIyJTIwdGFyZ2V0JTNEJTIyX2JsYW5rJTIyJTNFJTNDaSUyMGNsYXNzJTNEJTIyZmElMjBmYS1pbnN0YWdyYW0lMjIlMjBzdHlsZSUzRCUyMndpZHRoJTNBMzBweCUzQiUyMGZvbnQtc2l6ZSUzQTMwcHglM0IlMjBtYXJnaW4tcmlnaHQlM0ElMjAxMHB4JTNCJTIyJTNFJTNDJTJGaSUzRSUzQyUyRmElM0U=[\/vc_raw_html]\n\t\t<div id=\"wd-5f7efc1d6832a\" class=\"title-wrapper wd-wpb set-mb-s reset-last-child  wd-rs-5f7efc1d6832a wd-title-color-default wd-title-style-default text-left vc_custom_1602157608645 wd-underline-colored\">\n\t\t\t\n\t\t\t<div class=\"liner-continer\">\n\t\t\t\t<h2 class=\"woodmart-title-container title  wd-font-weight- wd-fontsize-l\" >COMPANY INFORMATION<\/h2>\n\t\t\t\t\t\t\t<\/div>\n\t\t\t\n\t\t\t\n\t\t\t\n\t\t<\/div>\n\t\t\n\t\t[vc_column_text text_larger=&#8221;no&#8221; woodmart_inline=&#8221;no&#8221;]<strong>ATUR TRAVEL d.o.o.<\/strong><br \/>\nPoduti\u0161ka cesta 38, 1000 Ljubljana<br \/>\nPE: Ulica Bratov U\u010dakar 56, 1000 Ljubljana<br \/>\nSlovenia<\/p>\n<p>VAT number: SI 88973565<br \/>\nRegistration number: 2306336000<br \/>\nIBAN: SI56 0400 0027 8792 006<br \/>\nBIC\/SWIFT: KBMASI2X[\/vc_column_text][\/vc_column][\/vc_row]<\/p>\n<\/div>","protected":false},"excerpt":{"rendered":"<p>[vc_row full_width=&#8221;stretch_row&#8221; equal_height=&#8221;yes&#8221; css_animation=&#8221;fadeIn&#8221; woodmart_bg_position=&#8221;right-top&#8221; css=&#8221;.vc_custom_1598461179342{margin-right: -40px !important;margin-left: -40px !important;background-position: center !important;background-repeat: no-repeat !important;background-size: contain !important;}&#8221; mobile_bg_img_hidden=&#8221;no&#8221; tablet_bg_img_hidden=&#8221;no&#8221; woodmart_parallax=&#8221;0&#8243; woodmart_gradient_switch=&#8221;no&#8221;<\/p>\n","protected":false},"author":1,"featured_media":0,"parent":0,"menu_order":0,"comment_status":"closed","ping_status":"closed","template":"","meta":{"footnotes":""},"class_list":["post-4204","page","type-page","status-publish","hentry"],"yoast_head":"<!-- This site is optimized with the Yoast SEO plugin v26.4 - https:\/\/yoast.com\/wordpress\/plugins\/seo\/ -->\n<title>Kontakt in povpra\u0161evanje | Atur Travel Slovenija<\/title>\n<meta name=\"description\" content=\"Kontaktirajte nas v povezavi z organizacijo va\u0161ega potovanja. Pokli\u010dite nas na +386 31 611 793 in z veseljem vam bomo pomagali.\" \/>\n<meta name=\"robots\" content=\"index, follow, max-snippet:-1, max-image-preview:large, max-video-preview:-1\" \/>\n<link rel=\"canonical\" href=\"https:\/\/www.atur-travel.si\/en\/contact\/\" \/>\n<meta property=\"og:locale\" content=\"en_US\" \/>\n<meta property=\"og:type\" content=\"article\" \/>\n<meta property=\"og:title\" content=\"Kontakt in povpra\u0161evanje | Atur Travel Slovenija\" \/>\n<meta property=\"og:description\" content=\"Kontaktirajte nas v povezavi z organizacijo va\u0161ega potovanja. Pokli\u010dite nas na +386 31 611 793 in z veseljem vam bomo pomagali.\" \/>\n<meta property=\"og:url\" content=\"https:\/\/www.atur-travel.si\/en\/contact\/\" \/>\n<meta property=\"og:site_name\" content=\"Atur Travel - Your DMC for Europe\" \/>\n<meta property=\"article:publisher\" content=\"https:\/\/www.facebook.com\/profile.php?id=100063454667854\" \/>\n<meta property=\"article:modified_time\" content=\"2025-10-17T12:46:26+00:00\" \/>\n<meta name=\"twitter:card\" content=\"summary_large_image\" \/>\n<meta name=\"twitter:label1\" content=\"Est. reading time\" \/>\n\t<meta name=\"twitter:data1\" content=\"2 minutes\" \/>\n<script type=\"application\/ld+json\" class=\"yoast-schema-graph\">{\"@context\":\"https:\/\/schema.org\",\"@graph\":[{\"@type\":\"WebPage\",\"@id\":\"https:\/\/www.atur-travel.si\/en\/contact\/\",\"url\":\"https:\/\/www.atur-travel.si\/en\/contact\/\",\"name\":\"Kontakt in povpra\u0161evanje | Atur Travel Slovenija\",\"isPartOf\":{\"@id\":\"https:\/\/www.atur-travel.si\/#website\"},\"datePublished\":\"2020-10-08T11:47:25+00:00\",\"dateModified\":\"2025-10-17T12:46:26+00:00\",\"description\":\"Kontaktirajte nas v povezavi z organizacijo va\u0161ega potovanja. Pokli\u010dite nas na +386 31 611 793 in z veseljem vam bomo pomagali.\",\"breadcrumb\":{\"@id\":\"https:\/\/www.atur-travel.si\/en\/contact\/#breadcrumb\"},\"inLanguage\":\"en-US\",\"potentialAction\":[{\"@type\":\"ReadAction\",\"target\":[\"https:\/\/www.atur-travel.si\/en\/contact\/\"]}]},{\"@type\":\"BreadcrumbList\",\"@id\":\"https:\/\/www.atur-travel.si\/en\/contact\/#breadcrumb\",\"itemListElement\":[{\"@type\":\"ListItem\",\"position\":1,\"name\":\"Home\",\"item\":\"https:\/\/www.atur-travel.si\/en\/\"},{\"@type\":\"ListItem\",\"position\":2,\"name\":\"Contact\"}]},{\"@type\":\"WebSite\",\"@id\":\"https:\/\/www.atur-travel.si\/#website\",\"url\":\"https:\/\/www.atur-travel.si\/\",\"name\":\"Atur Travel - Your DMC for Europe\",\"description\":\"\",\"potentialAction\":[{\"@type\":\"SearchAction\",\"target\":{\"@type\":\"EntryPoint\",\"urlTemplate\":\"https:\/\/www.atur-travel.si\/?s={search_term_string}\"},\"query-input\":{\"@type\":\"PropertyValueSpecification\",\"valueRequired\":true,\"valueName\":\"search_term_string\"}}],\"inLanguage\":\"en-US\"}]}<\/script>\n<!-- \/ Yoast SEO plugin. -->","yoast_head_json":{"title":"Kontakt in povpra\u0161evanje | Atur Travel Slovenija","description":"Kontaktirajte nas v povezavi z organizacijo va\u0161ega potovanja. Pokli\u010dite nas na +386 31 611 793 in z veseljem vam bomo pomagali.","robots":{"index":"index","follow":"follow","max-snippet":"max-snippet:-1","max-image-preview":"max-image-preview:large","max-video-preview":"max-video-preview:-1"},"canonical":"https:\/\/www.atur-travel.si\/en\/contact\/","og_locale":"en_US","og_type":"article","og_title":"Kontakt in povpra\u0161evanje | Atur Travel Slovenija","og_description":"Kontaktirajte nas v povezavi z organizacijo va\u0161ega potovanja. Pokli\u010dite nas na +386 31 611 793 in z veseljem vam bomo pomagali.","og_url":"https:\/\/www.atur-travel.si\/en\/contact\/","og_site_name":"Atur Travel - Your DMC for Europe","article_publisher":"https:\/\/www.facebook.com\/profile.php?id=100063454667854","article_modified_time":"2025-10-17T12:46:26+00:00","twitter_card":"summary_large_image","twitter_misc":{"Est. reading time":"2 minutes"},"schema":{"@context":"https:\/\/schema.org","@graph":[{"@type":"WebPage","@id":"https:\/\/www.atur-travel.si\/en\/contact\/","url":"https:\/\/www.atur-travel.si\/en\/contact\/","name":"Kontakt in povpra\u0161evanje | Atur Travel Slovenija","isPartOf":{"@id":"https:\/\/www.atur-travel.si\/#website"},"datePublished":"2020-10-08T11:47:25+00:00","dateModified":"2025-10-17T12:46:26+00:00","description":"Kontaktirajte nas v povezavi z organizacijo va\u0161ega potovanja. Pokli\u010dite nas na +386 31 611 793 in z veseljem vam bomo pomagali.","breadcrumb":{"@id":"https:\/\/www.atur-travel.si\/en\/contact\/#breadcrumb"},"inLanguage":"en-US","potentialAction":[{"@type":"ReadAction","target":["https:\/\/www.atur-travel.si\/en\/contact\/"]}]},{"@type":"BreadcrumbList","@id":"https:\/\/www.atur-travel.si\/en\/contact\/#breadcrumb","itemListElement":[{"@type":"ListItem","position":1,"name":"Home","item":"https:\/\/www.atur-travel.si\/en\/"},{"@type":"ListItem","position":2,"name":"Contact"}]},{"@type":"WebSite","@id":"https:\/\/www.atur-travel.si\/#website","url":"https:\/\/www.atur-travel.si\/","name":"Atur Travel - Your DMC for Europe","description":"","potentialAction":[{"@type":"SearchAction","target":{"@type":"EntryPoint","urlTemplate":"https:\/\/www.atur-travel.si\/?s={search_term_string}"},"query-input":{"@type":"PropertyValueSpecification","valueRequired":true,"valueName":"search_term_string"}}],"inLanguage":"en-US"}]}},"_links":{"self":[{"href":"https:\/\/www.atur-travel.si\/en\/wp-json\/wp\/v2\/pages\/4204","targetHints":{"allow":["GET"]}}],"collection":[{"href":"https:\/\/www.atur-travel.si\/en\/wp-json\/wp\/v2\/pages"}],"about":[{"href":"https:\/\/www.atur-travel.si\/en\/wp-json\/wp\/v2\/types\/page"}],"author":[{"embeddable":true,"href":"https:\/\/www.atur-travel.si\/en\/wp-json\/wp\/v2\/users\/1"}],"replies":[{"embeddable":true,"href":"https:\/\/www.atur-travel.si\/en\/wp-json\/wp\/v2\/comments?post=4204"}],"version-history":[{"count":4,"href":"https:\/\/www.atur-travel.si\/en\/wp-json\/wp\/v2\/pages\/4204\/revisions"}],"predecessor-version":[{"id":4659,"href":"https:\/\/www.atur-travel.si\/en\/wp-json\/wp\/v2\/pages\/4204\/revisions\/4659"}],"wp:attachment":[{"href":"https:\/\/www.atur-travel.si\/en\/wp-json\/wp\/v2\/media?parent=4204"}],"curies":[{"name":"wp","href":"https:\/\/api.w.org\/{rel}","templated":true}]}}